{"id":107,"date":"2025-09-20T18:22:25","date_gmt":"2025-09-20T18:22:25","guid":{"rendered":"https:\/\/tobabos.es\/?page_id=107"},"modified":"2025-09-20T18:22:25","modified_gmt":"2025-09-20T18:22:25","slug":"empresas","status":"publish","type":"page","link":"https:\/\/old.tobabos.es\/it\/empresas\/","title":{"rendered":"Aziende"},"content":{"rendered":"<h1 class=\"wp-block-heading\">Integrare la tecnologia intelligente per semplificare la complessit\u00e0<\/h1>\n\n\n\n<h2 class=\"wp-block-heading\">In Tobabos aiutiamo le aziende a trasformare i loro processi con soluzioni digitali che combinano automazione, intelligenza artificiale e sviluppo web personalizzato.<\/h2>\n\n\n\n<figure class=\"wp-block-image size-full\"><img loading=\"lazy\" decoding=\"async\" width=\"500\" height=\"500\" src=\"https:\/\/old.tobabos.es\/wp-content\/uploads\/2023\/03\/9.png\" alt=\"\" class=\"wp-image-35\" srcset=\"https:\/\/old.tobabos.es\/wp-content\/uploads\/2023\/03\/9.png 500w, https:\/\/old.tobabos.es\/wp-content\/uploads\/2023\/03\/9-300x300.png 300w, https:\/\/old.tobabos.es\/wp-content\/uploads\/2023\/03\/9-150x150.png 150w, https:\/\/old.tobabos.es\/wp-content\/uploads\/2023\/03\/9-100x100.png 100w\" sizes=\"auto, (max-width: 500px) 100vw, 500px\" \/><\/figure>\n\n\n\n<p><strong>Automazione che porta risultati<\/strong><br>Progettiamo flussi di marketing intelligenti che fanno risparmiare tempo, riducono gli errori e permettono al vostro team di concentrarsi su ci\u00f2 che conta davvero: far crescere il vostro business.<\/p>\n\n\n\n<p><strong>Chatbot e assistenti di intelligenza artificiale<\/strong><br>Creiamo esperienze conversazionali che migliorano il servizio clienti, ottimizzano la comunicazione e si integrano naturalmente nei vostri sistemi.<\/p>\n\n\n\n<p><strong>Sviluppo web e integrazioni personalizzate<\/strong><br>Colleghiamo applicazioni, piattaforme e dati in modo che i vostri processi aziendali funzionino come un insieme coerente, flessibile e scalabile.<\/p>\n\n\n\n<p><\/p>","protected":false},"excerpt":{"rendered":"<p>Integramos tecnolog\u00eda inteligente para simplificar lo complejo En Tobabos ayudamos a las empresas a transformar sus procesos con soluciones digitales que combinan automatizaci\u00f3n, inteligencia artificial y desarrollo web a medida. Automatizaci\u00f3n que impulsa resultadosDise\u00f1amos flujos de marketing inteligentes que ahorran tiempo, reducen errores y permiten a tu equipo concentrarse en lo que realmente importa: hacer [&hellip;]<\/p>","protected":false},"author":1,"featured_media":0,"parent":0,"menu_order":0,"comment_status":"closed","ping_status":"closed","template":"","meta":{"footnotes":""},"class_list":["post-107","page","type-page","status-publish","hentry"],"_hostinger_reach_plugin_has_subscription_block":false,"_hostinger_reach_plugin_is_elementor":false,"_links":{"self":[{"href":"https:\/\/old.tobabos.es\/it\/wp-json\/wp\/v2\/pages\/107","targetHints":{"allow":["GET"]}}],"collection":[{"href":"https:\/\/old.tobabos.es\/it\/wp-json\/wp\/v2\/pages"}],"about":[{"href":"https:\/\/old.tobabos.es\/it\/wp-json\/wp\/v2\/types\/page"}],"author":[{"embeddable":true,"href":"https:\/\/old.tobabos.es\/it\/wp-json\/wp\/v2\/users\/1"}],"replies":[{"embeddable":true,"href":"https:\/\/old.tobabos.es\/it\/wp-json\/wp\/v2\/comments?post=107"}],"version-history":[{"count":1,"href":"https:\/\/old.tobabos.es\/it\/wp-json\/wp\/v2\/pages\/107\/revisions"}],"predecessor-version":[{"id":108,"href":"https:\/\/old.tobabos.es\/it\/wp-json\/wp\/v2\/pages\/107\/revisions\/108"}],"wp:attachment":[{"href":"https:\/\/old.tobabos.es\/it\/wp-json\/wp\/v2\/media?parent=107"}],"curies":[{"name":"wp","href":"https:\/\/api.w.org\/{rel}","templated":true}]}}